{"id":17,"date":"2018-05-18T15:17:22","date_gmt":"2018-05-18T13:17:22","guid":{"rendered":"http:\/\/altinnov.blog\/?page_id=17"},"modified":"2022-02-24T13:00:19","modified_gmt":"2022-02-24T12:00:19","slug":"redaction-severine-thery-perez","status":"publish","type":"page","link":"https:\/\/altinnov.blog\/index.php\/fr\/redaction-severine-thery-perez\/","title":{"rendered":"\u00c0 propos de l&rsquo;auteur"},"content":{"rendered":"<p><img decoding=\"async\" loading=\"lazy\" class=\"wp-image-1013 size-medium alignleft\" src=\"https:\/\/i0.wp.com\/altinnov.blog\/wp-content\/uploads\/2019\/04\/IMG_6527.jpg?resize=300%2C300&#038;ssl=1\" alt=\"S\u00e9verine Thery-Perez r\u00e9dactrice du blog Street Art &amp; LifeStyle Altinnov.blog\" width=\"300\" height=\"300\" srcset=\"https:\/\/i0.wp.com\/altinnov.blog\/wp-content\/uploads\/2019\/04\/IMG_6527.jpg?resize=300%2C300&amp;ssl=1 300w, https:\/\/i0.wp.com\/altinnov.blog\/wp-content\/uploads\/2019\/04\/IMG_6527.jpg?resize=150%2C150&amp;ssl=1 150w, https:\/\/i0.wp.com\/altinnov.blog\/wp-content\/uploads\/2019\/04\/IMG_6527.jpg?resize=768%2C768&amp;ssl=1 768w, https:\/\/i0.wp.com\/altinnov.blog\/wp-content\/uploads\/2019\/04\/IMG_6527.jpg?resize=1024%2C1024&amp;ssl=1 1024w, https:\/\/i0.wp.com\/altinnov.blog\/wp-content\/uploads\/2019\/04\/IMG_6527.jpg?w=2280&amp;ssl=1 2280w\" sizes=\"(max-width: 300px) 100vw, 300px\" data-recalc-dims=\"1\" \/><\/p>\n<p><span style=\"font-size: 12.0pt; font-family: Arial;\">J\u2019ai pass\u00e9 plus de 20 ann\u00e9es \u00e0 accompagner des grandes marques IT dans leur communication en France. Des innovations j\u2019en ai beaucoup lanc\u00e9 au d\u00e9but de ma carri\u00e8re\u00a0; et puis les grandes marques ont commenc\u00e9 \u00e0 faire ce que l\u2019on appelle de la \u00ab\u00a0r\u00e9it\u00e9ration\u00a0\u00bb\u2026 Lancer \u00e0 coup de gros budget marketing une version 4, puis 5 puis 6 de leurs produits en ajoutant des fonctionnalit\u00e9s inutiles\u00a0; en essayant de faire croire au consommateur (donc vous) que vous en avez absolument besoin\u2026<\/span><\/p>\n<p><span style=\"font-size: 12.0pt; font-family: Arial;\">Ces derni\u00e8res ann\u00e9es j\u2019ai travaill\u00e9 pour de plus petites marques, des Start-up qui ont de vrais produits innovants et top par rapport \u00e0 la concurrence ! Le confinement est pass\u00e9 par l\u00e0, ce qui au final me permet de passer plus de temps \u00e0 d\u00e9velopper le blog&#8230; Un mal pour un bien donc, puisque j&rsquo;adore partager mes d\u00e9couvertes avec vous !<\/span><\/p><div id=\"altin-3760060771\" class=\"altin-contenu_2 altin-entity-placement\"><script async src=\"\/\/pagead2.googlesyndication.com\/pagead\/js\/adsbygoogle.js?client=ca-pub-4035181110757945\" crossorigin=\"anonymous\"><\/script><ins class=\"adsbygoogle\" style=\"display:block; text-align:center;\" data-ad-client=\"ca-pub-4035181110757945\" \ndata-ad-slot=\"9414912321\" \ndata-ad-layout=\"in-article\"\ndata-ad-format=\"fluid\"><\/ins>\n<script> \n(adsbygoogle = window.adsbygoogle || []).push({}); \n<\/script>\n<\/div>\n<p>&nbsp;<\/p>\n<p><span style=\"font-size: 12.0pt; font-family: Arial;\">\u00c7a c\u2019est pour la partie travail ! Mais voil\u00e0 ma passion c\u2019est l\u2019Art Contemporain et le Street Art ; Je pr\u00e9f\u00e8re d\u00e9ambuler \u00e0 la recherche d\u2019Art Urbain, que ce soit \u00e0 Paris, Lyon, New York,\u2026 que de rester derri\u00e8re un bureau ! Comme vous l\u2019imaginez j\u2019ai \u00e9cris beaucoup de Dossiers &amp; Communiqu\u00e9s de Presse lus essentiellement par des journalistes. Aujourd\u2019hui en \u00e9crivant sur ce blog c\u2019est avec vous tous que je partage ! Et j\u2019esp\u00e8re bien vous faire d\u00e9couvrir de nouveaux lieux, des artistes de talents et encore plus. <\/span><\/p>\n<p>&nbsp;<\/p>\n<p><span style=\"font-size: 12.0pt; font-family: Arial;\">Voil\u00e0\u00a0! \u00c0 vous de voir les articles qui vous int\u00e9ressent et ceux qui ne vous int\u00e9ressent pas du tout; n\u2019h\u00e9sitez pas \u00e0 faire vos commentaires\u00a0; l\u2019id\u00e9e \u00e9tant celle du partage\u00a0; je resterais \u00e0 votre \u00e9coute en toutes circonstances.<\/span><\/p>\n<p><span style=\"font-size: 12.0pt; font-family: Arial;\">Par ces quelques mots je vous souhaite la bienvenue et si vous souhaitez d\u00e9couvrir d&rsquo;une autre fa\u00e7on toutes mes balades Street Art, je vous ai concoct\u00e9 une petite carte du Monde \ud83d\ude09<\/span><\/p>\n<p>Pour les plus addicts d&rsquo;entre-vous; je r\u00e9alise \u00e9galement une lettre d&rsquo;information gratuite qui arrive tous les deux mois dans votre bo\u00eete mail. Pour vous inscrire c&rsquo;est ici : <strong><a href=\"https:\/\/severine.substack.com\/p\/coming-soon?utm_source=url\" target=\"_blank\" rel=\"noopener\">Newsletter Altinnov<\/a><\/strong><\/p>\n<p><span style=\"font-size: 12.0pt; font-family: Arial;\">S\u00e9verine<\/span><\/p>\n<p><iframe loading=\"lazy\" src=\"https:\/\/www.google.com\/maps\/d\/u\/0\/embed?mid=1IntdVV2tBzn4TtUa0xSYDrY7e9-ZBpGv\" width=\"1280\" height=\"960\"><\/iframe><\/p>\n<div id=\"altin-961518495\" class=\"altin-apres-le-contenu_2 altin-entity-placement\"><!-- Ezoic - bas article - native_bottom -->\r\n<div id=\"ezoic-pub-ad-placeholder-102\"> <\/div>\r\n<!-- End Ezoic - bas article - native_bottom --><\/div><div id=\"altin-1890284976\" class=\"altin-apres-le-contenu altin-entity-placement\" style=\"margin-left: auto;margin-right: auto;text-align: center;\"><script async src=\"\/\/pagead2.googlesyndication.com\/pagead\/js\/adsbygoogle.js?client=ca-pub-4035181110757945\" crossorigin=\"anonymous\"><\/script><ins class=\"adsbygoogle\" style=\"display:block; text-align:center;\" data-ad-client=\"ca-pub-4035181110757945\" \ndata-ad-slot=\"9414912321\" \ndata-ad-layout=\"in-article\"\ndata-ad-format=\"fluid\"><\/ins>\n<script> \n(adsbygoogle = window.adsbygoogle || []).push({}); \n<\/script>\n<\/div>","protected":false},"excerpt":{"rendered":"<p>J\u2019ai pass\u00e9 plus de 20 ann\u00e9es \u00e0 accompagner des grandes marques IT dans leur communication en France. Des innovations j\u2019en&hellip;<\/p>\n","protected":false},"author":1,"featured_media":0,"parent":0,"menu_order":0,"comment_status":"closed","ping_status":"closed","template":"","meta":{"jetpack_post_was_ever_published":false,"footnotes":""},"yoast_head":"<!-- This site is optimized with the Yoast SEO plugin v22.6 - https:\/\/yoast.com\/wordpress\/plugins\/seo\/ -->\n<title>\u00c0 propos de l&#039;auteur - ALTINNOV<\/title>\n<meta name=\"robots\" content=\"index, follow, max-snippet:-1, max-image-preview:large, max-video-preview:-1\" \/>\n<link rel=\"canonical\" href=\"https:\/\/altinnov.blog\/index.php\/fr\/redaction-severine-thery-perez\/\" \/>\n<meta property=\"og:locale\" content=\"fr_FR\" \/>\n<meta property=\"og:type\" content=\"article\" \/>\n<meta property=\"og:title\" content=\"\u00c0 propos de l&#039;auteur - ALTINNOV\" \/>\n<meta property=\"og:description\" content=\"J\u2019ai pass\u00e9 plus de 20 ann\u00e9es \u00e0 accompagner des grandes marques IT dans leur communication en France. Des innovations j\u2019en&hellip;\" \/>\n<meta property=\"og:url\" content=\"https:\/\/altinnov.blog\/index.php\/fr\/redaction-severine-thery-perez\/\" \/>\n<meta property=\"og:site_name\" content=\"ALTINNOV\" \/>\n<meta property=\"article:publisher\" content=\"https:\/\/www.facebook.com\/Altinnov\/\" \/>\n<meta property=\"article:modified_time\" content=\"2022-02-24T12:00:19+00:00\" \/>\n<meta property=\"og:image\" content=\"https:\/\/altinnov.blog\/wp-content\/uploads\/2019\/04\/IMG_6527-300x300.jpg\" \/>\n<meta name=\"twitter:card\" content=\"summary_large_image\" \/>\n<meta name=\"twitter:site\" content=\"@Altinnov1\" \/>\n<meta name=\"twitter:label1\" content=\"Dur\u00e9e de lecture estim\u00e9e\" \/>\n\t<meta name=\"twitter:data1\" content=\"2 minutes\" \/>\n<script type=\"application\/ld+json\" class=\"yoast-schema-graph\">{\"@context\":\"https:\/\/schema.org\",\"@graph\":[{\"@type\":\"WebPage\",\"@id\":\"https:\/\/altinnov.blog\/index.php\/fr\/redaction-severine-thery-perez\/\",\"url\":\"https:\/\/altinnov.blog\/index.php\/fr\/redaction-severine-thery-perez\/\",\"name\":\"\u00c0 propos de l'auteur - ALTINNOV\",\"isPartOf\":{\"@id\":\"https:\/\/altinnov.blog\/#website\"},\"primaryImageOfPage\":{\"@id\":\"https:\/\/altinnov.blog\/index.php\/fr\/redaction-severine-thery-perez\/#primaryimage\"},\"image\":{\"@id\":\"https:\/\/altinnov.blog\/index.php\/fr\/redaction-severine-thery-perez\/#primaryimage\"},\"thumbnailUrl\":\"https:\/\/altinnov.blog\/wp-content\/uploads\/2019\/04\/IMG_6527-300x300.jpg\",\"datePublished\":\"2018-05-18T13:17:22+00:00\",\"dateModified\":\"2022-02-24T12:00:19+00:00\",\"breadcrumb\":{\"@id\":\"https:\/\/altinnov.blog\/index.php\/fr\/redaction-severine-thery-perez\/#breadcrumb\"},\"inLanguage\":\"fr-FR\",\"potentialAction\":[{\"@type\":\"ReadAction\",\"target\":[\"https:\/\/altinnov.blog\/index.php\/fr\/redaction-severine-thery-perez\/\"]}]},{\"@type\":\"ImageObject\",\"inLanguage\":\"fr-FR\",\"@id\":\"https:\/\/altinnov.blog\/index.php\/fr\/redaction-severine-thery-perez\/#primaryimage\",\"url\":\"https:\/\/i0.wp.com\/altinnov.blog\/wp-content\/uploads\/2019\/04\/IMG_6527.jpg?fit=3024%2C3024&ssl=1\",\"contentUrl\":\"https:\/\/i0.wp.com\/altinnov.blog\/wp-content\/uploads\/2019\/04\/IMG_6527.jpg?fit=3024%2C3024&ssl=1\",\"width\":3024,\"height\":3024,\"caption\":\"S\u00e9verine Thery-Perez r\u00e9dactrice du blog Street Art & LifeStyle Altinnov.blog\"},{\"@type\":\"BreadcrumbList\",\"@id\":\"https:\/\/altinnov.blog\/index.php\/fr\/redaction-severine-thery-perez\/#breadcrumb\",\"itemListElement\":[{\"@type\":\"ListItem\",\"position\":1,\"name\":\"Accueil\",\"item\":\"https:\/\/altinnov.blog\/\"},{\"@type\":\"ListItem\",\"position\":2,\"name\":\"\u00c0 propos de l&#8217;auteur\"}]},{\"@type\":\"WebSite\",\"@id\":\"https:\/\/altinnov.blog\/#website\",\"url\":\"https:\/\/altinnov.blog\/\",\"name\":\"ALTINNOV\",\"description\":\"BLOG STREET ART &amp; LIFESTYLE\",\"publisher\":{\"@id\":\"https:\/\/altinnov.blog\/#\/schema\/person\/fb38574bf72ee22878743e54d687ae5a\"},\"potentialAction\":[{\"@type\":\"SearchAction\",\"target\":{\"@type\":\"EntryPoint\",\"urlTemplate\":\"https:\/\/altinnov.blog\/?s={search_term_string}\"},\"query-input\":\"required name=search_term_string\"}],\"inLanguage\":\"fr-FR\"},{\"@type\":[\"Person\",\"Organization\"],\"@id\":\"https:\/\/altinnov.blog\/#\/schema\/person\/fb38574bf72ee22878743e54d687ae5a\",\"name\":\"S\u00e9verine\",\"image\":{\"@type\":\"ImageObject\",\"inLanguage\":\"fr-FR\",\"@id\":\"https:\/\/altinnov.blog\/#\/schema\/person\/image\/\",\"url\":\"https:\/\/i0.wp.com\/altinnov.blog\/wp-content\/uploads\/2021\/07\/SkatePark-re\u0301alise\u0301-par-JonOne-dans-lespace-transition-ephe\u0301me\u0300re-dAbbeville-scaled.jpg?fit=2560%2C1920&ssl=1\",\"contentUrl\":\"https:\/\/i0.wp.com\/altinnov.blog\/wp-content\/uploads\/2021\/07\/SkatePark-re\u0301alise\u0301-par-JonOne-dans-lespace-transition-ephe\u0301me\u0300re-dAbbeville-scaled.jpg?fit=2560%2C1920&ssl=1\",\"width\":2560,\"height\":1920,\"caption\":\"S\u00e9verine\"},\"logo\":{\"@id\":\"https:\/\/altinnov.blog\/#\/schema\/person\/image\/\"},\"sameAs\":[\"https:\/\/altinnov.blog\/\",\"https:\/\/www.facebook.com\/Altinnov\/\",\"https:\/\/www.instagram.com\/Altinnov\/\",\"https:\/\/www.linkedin.com\/in\/severinetp\/\",\"https:\/\/www.pinterest.fr\/SeverineTP\/\",\"https:\/\/x.com\/Altinnov1\"]}]}<\/script>\n<!-- \/ Yoast SEO plugin. -->","yoast_head_json":{"title":"\u00c0 propos de l'auteur - ALTINNOV","robots":{"index":"index","follow":"follow","max-snippet":"max-snippet:-1","max-image-preview":"max-image-preview:large","max-video-preview":"max-video-preview:-1"},"canonical":"https:\/\/altinnov.blog\/index.php\/fr\/redaction-severine-thery-perez\/","og_locale":"fr_FR","og_type":"article","og_title":"\u00c0 propos de l'auteur - ALTINNOV","og_description":"J\u2019ai pass\u00e9 plus de 20 ann\u00e9es \u00e0 accompagner des grandes marques IT dans leur communication en France. Des innovations j\u2019en&hellip;","og_url":"https:\/\/altinnov.blog\/index.php\/fr\/redaction-severine-thery-perez\/","og_site_name":"ALTINNOV","article_publisher":"https:\/\/www.facebook.com\/Altinnov\/","article_modified_time":"2022-02-24T12:00:19+00:00","og_image":[{"url":"https:\/\/altinnov.blog\/wp-content\/uploads\/2019\/04\/IMG_6527-300x300.jpg"}],"twitter_card":"summary_large_image","twitter_site":"@Altinnov1","twitter_misc":{"Dur\u00e9e de lecture estim\u00e9e":"2 minutes"},"schema":{"@context":"https:\/\/schema.org","@graph":[{"@type":"WebPage","@id":"https:\/\/altinnov.blog\/index.php\/fr\/redaction-severine-thery-perez\/","url":"https:\/\/altinnov.blog\/index.php\/fr\/redaction-severine-thery-perez\/","name":"\u00c0 propos de l'auteur - ALTINNOV","isPartOf":{"@id":"https:\/\/altinnov.blog\/#website"},"primaryImageOfPage":{"@id":"https:\/\/altinnov.blog\/index.php\/fr\/redaction-severine-thery-perez\/#primaryimage"},"image":{"@id":"https:\/\/altinnov.blog\/index.php\/fr\/redaction-severine-thery-perez\/#primaryimage"},"thumbnailUrl":"https:\/\/altinnov.blog\/wp-content\/uploads\/2019\/04\/IMG_6527-300x300.jpg","datePublished":"2018-05-18T13:17:22+00:00","dateModified":"2022-02-24T12:00:19+00:00","breadcrumb":{"@id":"https:\/\/altinnov.blog\/index.php\/fr\/redaction-severine-thery-perez\/#breadcrumb"},"inLanguage":"fr-FR","potentialAction":[{"@type":"ReadAction","target":["https:\/\/altinnov.blog\/index.php\/fr\/redaction-severine-thery-perez\/"]}]},{"@type":"ImageObject","inLanguage":"fr-FR","@id":"https:\/\/altinnov.blog\/index.php\/fr\/redaction-severine-thery-perez\/#primaryimage","url":"https:\/\/i0.wp.com\/altinnov.blog\/wp-content\/uploads\/2019\/04\/IMG_6527.jpg?fit=3024%2C3024&ssl=1","contentUrl":"https:\/\/i0.wp.com\/altinnov.blog\/wp-content\/uploads\/2019\/04\/IMG_6527.jpg?fit=3024%2C3024&ssl=1","width":3024,"height":3024,"caption":"S\u00e9verine Thery-Perez r\u00e9dactrice du blog Street Art & LifeStyle Altinnov.blog"},{"@type":"BreadcrumbList","@id":"https:\/\/altinnov.blog\/index.php\/fr\/redaction-severine-thery-perez\/#breadcrumb","itemListElement":[{"@type":"ListItem","position":1,"name":"Accueil","item":"https:\/\/altinnov.blog\/"},{"@type":"ListItem","position":2,"name":"\u00c0 propos de l&#8217;auteur"}]},{"@type":"WebSite","@id":"https:\/\/altinnov.blog\/#website","url":"https:\/\/altinnov.blog\/","name":"ALTINNOV","description":"BLOG STREET ART &amp; LIFESTYLE","publisher":{"@id":"https:\/\/altinnov.blog\/#\/schema\/person\/fb38574bf72ee22878743e54d687ae5a"},"potentialAction":[{"@type":"SearchAction","target":{"@type":"EntryPoint","urlTemplate":"https:\/\/altinnov.blog\/?s={search_term_string}"},"query-input":"required name=search_term_string"}],"inLanguage":"fr-FR"},{"@type":["Person","Organization"],"@id":"https:\/\/altinnov.blog\/#\/schema\/person\/fb38574bf72ee22878743e54d687ae5a","name":"S\u00e9verine","image":{"@type":"ImageObject","inLanguage":"fr-FR","@id":"https:\/\/altinnov.blog\/#\/schema\/person\/image\/","url":"https:\/\/i0.wp.com\/altinnov.blog\/wp-content\/uploads\/2021\/07\/SkatePark-re\u0301alise\u0301-par-JonOne-dans-lespace-transition-ephe\u0301me\u0300re-dAbbeville-scaled.jpg?fit=2560%2C1920&ssl=1","contentUrl":"https:\/\/i0.wp.com\/altinnov.blog\/wp-content\/uploads\/2021\/07\/SkatePark-re\u0301alise\u0301-par-JonOne-dans-lespace-transition-ephe\u0301me\u0300re-dAbbeville-scaled.jpg?fit=2560%2C1920&ssl=1","width":2560,"height":1920,"caption":"S\u00e9verine"},"logo":{"@id":"https:\/\/altinnov.blog\/#\/schema\/person\/image\/"},"sameAs":["https:\/\/altinnov.blog\/","https:\/\/www.facebook.com\/Altinnov\/","https:\/\/www.instagram.com\/Altinnov\/","https:\/\/www.linkedin.com\/in\/severinetp\/","https:\/\/www.pinterest.fr\/SeverineTP\/","https:\/\/x.com\/Altinnov1"]}]}},"jetpack_sharing_enabled":true,"jetpack_shortlink":"https:\/\/wp.me\/PakAzb-h","jetpack_likes_enabled":false,"jetpack-related-posts":[],"_links":{"self":[{"href":"https:\/\/altinnov.blog\/index.php\/wp-json\/wp\/v2\/pages\/17"}],"collection":[{"href":"https:\/\/altinnov.blog\/index.php\/wp-json\/wp\/v2\/pages"}],"about":[{"href":"https:\/\/altinnov.blog\/index.php\/wp-json\/wp\/v2\/types\/page"}],"author":[{"embeddable":true,"href":"https:\/\/altinnov.blog\/index.php\/wp-json\/wp\/v2\/users\/1"}],"replies":[{"embeddable":true,"href":"https:\/\/altinnov.blog\/index.php\/wp-json\/wp\/v2\/comments?post=17"}],"version-history":[{"count":15,"href":"https:\/\/altinnov.blog\/index.php\/wp-json\/wp\/v2\/pages\/17\/revisions"}],"predecessor-version":[{"id":5136,"href":"https:\/\/altinnov.blog\/index.php\/wp-json\/wp\/v2\/pages\/17\/revisions\/5136"}],"wp:attachment":[{"href":"https:\/\/altinnov.blog\/index.php\/wp-json\/wp\/v2\/media?parent=17"}],"curies":[{"name":"wp","href":"https:\/\/api.w.org\/{rel}","templated":true}]}}